{"id":62,"date":"2024-11-18T17:00:27","date_gmt":"2024-11-18T17:00:27","guid":{"rendered":"https:\/\/diss2025.inesc-id.pt\/?page_id=62"},"modified":"2025-04-23T14:51:01","modified_gmt":"2025-04-23T14:51:01","slug":"call-for-papers","status":"publish","type":"page","link":"https:\/\/diss2025.inesc-id.pt\/?page_id=62","title":{"rendered":"Call for papers"},"content":{"rendered":"\n<h3 class=\"wp-block-heading\">DiSS 2025 &#8211; 12th Workshop on Disfluency in Spontaneous Speech<\/h3>\n\n\n\n<p>We are pleased to announce the 12th edition of DiSS workshop \u2013 Disfluency in Spontaneous Speech, which will take place in Lisbon, Portugal, on September 4-5, 2025. This year\u2019s theme is \u201cDisfluencies in the Age of AI: A Multidisciplinary View\u201c. The workshop is organized as a <a href=\"https:\/\/www.interspeech2025.org\/satellite-events\">satellite event of INTERSPEECH 2025<\/a> and proudly sponsored by ISCA.<\/p>\n\n\n\n<p>Submissions are encouraged from all fields that deal with disfluency, paralinguistics, and other related phenomena. This includes, among others: psychology, neuropsychology and neurocognition, psycholinguistics, linguistics, speech production and perception, conversational AI, gesture analysis, computational linguistics, speech technology, dialogue systems, human-centered AI, brain-computer Interfaces, healthcare, and generative AI.<\/p>\n\n\n\n<h4 class=\"wp-block-heading\">Important dates<\/h4>\n\n\n\n<ul class=\"wp-block-list\">\n<li>Paper submission deadline: <strong>April 30<\/strong>, 2025<\/li>\n\n\n\n<li>Notification of acceptance: May 24, 2025<\/li>\n\n\n\n<li>Camera-ready submission deadline: June 16, 2025<\/li>\n\n\n\n<li>Author registration deadline: June 23, 2025<\/li>\n\n\n\n<li>DiSS Workshop: September 4\u20135, 2025<\/li>\n<\/ul>\n\n\n\n<h4 class=\"wp-block-heading\">Preparing and submitting the manuscript<\/h4>\n\n\n\n<p>Please prepare your manuscript using the official <a href=\"https:\/\/www.interspeech2025.org\/author-resources\">Interspeech 2025 template<\/a> (LaTeX or Word) and submit a single PDF file. Submissions are managed through the <a href=\"https:\/\/cmt3.research.microsoft.com\/diss2025\">Microsoft CMT system<\/a>. Please use <a href=\"https:\/\/cmt3.research.microsoft.com\/diss2025\">this link<\/a> to submit your paper. Authors must create a free account to submit their papers. <\/p>\n\n\n\n<h4 class=\"wp-block-heading\">Committees<\/h4>\n\n\n\n<h5 class=\"wp-block-heading\">Organizers<\/h5>\n\n\n\n<ul class=\"wp-block-list\">\n<li>Helena Moniz, University of Lisbon, Portugal<\/li>\n\n\n\n<li>Elizabeth Shriberg, Ellipsis Health, USA<\/li>\n\n\n\n<li>Julia Hirschberg, Columbia University, USA<\/li>\n\n\n\n<li>Robert Eklund, Link\u00f6ping University, Sweden<\/li>\n\n\n\n<li>Fernando Batista, ISCTE and INESC-ID Lisboa, Portugal<\/li>\n<\/ul>\n\n\n\n<h5 class=\"wp-block-heading\">Publicity Chair<\/h5>\n\n\n\n<ul class=\"wp-block-list\">\n<li>Isabel Trancoso, University of Lisbon and INESC-ID Lisboa, Portugal<\/li>\n<\/ul>\n\n\n\n<h5 class=\"wp-block-heading\">Local Organisation<\/h5>\n\n\n\n<ul class=\"wp-block-list\">\n<li>Ana Isabel Mata, University of Lisbon, Portugal<\/li>\n\n\n\n<li>Anna Havras, University of Lisbon and VoiceInteraction, Portugal<\/li>\n\n\n\n<li>Anna Maria Pompili, INESC-ID Lisboa, Portugal<\/li>\n\n\n\n<li>Miguel Menezes, University of Lisbon and Unbabel, Portugal<\/li>\n\n\n\n<li>Rub\u00e9n Solera Ure\u00f1a, INESC-ID Lisboa, Portugal<\/li>\n\n\n\n<li>S\u00e9rgio Paulo, INESC-ID Lisboa, Portugal<\/li>\n<\/ul>\n\n\n\n<h5 class=\"wp-block-heading\">Scientific Committee<\/h5>\n\n\n\n<ul class=\"wp-block-list\">\n<li>Alexandra Mark\u00f3, SSNS Institute for Expert Services, Hungary<\/li>\n\n\n\n<li>Ana Isabel Mata, University of Lisbon, Portugal<\/li>\n\n\n\n<li>Anna Havras, VoiceInteraction and University of Lisbon<\/li>\n\n\n\n<li>Anna Maria Pompili, INESC-ID Lisbon, Portugal<\/li>\n\n\n\n<li>Antonio Bonafonte, SANAS AI, Barcelona, Spain<\/li>\n\n\n\n<li>Catarina Botelho, INESC-ID Lisbon<\/li>\n\n\n\n<li>Chiara Mazzocconi, Aix Marseille Universit\u00e9, France<\/li>\n\n\n\n<li>Clara Niza, University of Lisbon and INESC-ID Lisbon, Portugal<\/li>\n\n\n\n<li>Daniela Braga, Defined.ai, USA<\/li>\n\n\n\n<li>David Escudero, Universidad de Valladolid, Spain<\/li>\n\n\n\n<li>David Matos, University of Lisbon and INESC-ID Lisbon, Portugal<\/li>\n\n\n\n<li>Elizabeth Shriberg, Ellipsis Health, USA<\/li>\n\n\n\n<li>Eug\u00e9nio Ribeiro, ISCTE and INESC-ID Lisboa<\/li>\n\n\n\n<li>Francesco Cutugno, Universita&#8217; Degli Studi di Napoli, Italy<\/li>\n\n\n\n<li>Francisco Teixeira, INESC-ID Lisbon<\/li>\n\n\n\n<li>Gueorgui Nenov Hristovky, University of Lisbon, Portugal<\/li>\n\n\n\n<li>George Georgiou, University of Nicosia, Greece<\/li>\n\n\n\n<li>Harshal Shah, General Motors, USA<\/li>\n\n\n\n<li>Hermann Ney, RWTH Aachen University, Germany<\/li>\n\n\n\n<li>Ivana Didirkov\u00e1, Universit\u00e9 Paul Val\u00e9ry &#8211; Montpellier 3, France<\/li>\n\n\n\n<li>Jens Allwood, University of G\u00f6tenburg, Sweden<\/li>\n\n\n\n<li>Jessica di Napoli, Aachen University, Germany<\/li>\n\n\n\n<li>Joakim Gustafson, KTH, Sweden<\/li>\n\n\n\n<li>Jo\u00e3o Gra\u00e7a, Unbabel and Widn.AI, USA<\/li>\n\n\n\n<li>Judit B\u00f3na, E\u00f6tv\u00f6s Lor\u00e1nd University, Hungary<\/li>\n\n\n\n<li>Julia Hirschberg, Columbia University, USA<\/li>\n\n\n\n<li>J\u00fcrgen Trouvain, Saarland University, Saarbr\u00fccken, Germany<\/li>\n\n\n\n<li>Keikichi Hirose, University of Tokyo, Japan<\/li>\n\n\n\n<li>Khiet Truong, University of Twente, The Netherlands<\/li>\n\n\n\n<li>Kikuo Maekawa, National Institute for Japanese Language and Linguistics, Japan<\/li>\n\n\n\n<li>Loredana Schettino, Free University of Bozen-Bolzano, Italy<\/li>\n\n\n\n<li>Loulou Kosmala, Universit\u00e9 Paris-Est Cr\u00e9teil, France<\/li>\n\n\n\n<li>M\u00e1ria Gosy, E\u00f6tv\u00f6s Lor\u00e1nd University, Hungary<\/li>\n\n\n\n<li>Mariana Juli\u00e3o, INESC-ID Lisbon<\/li>\n\n\n\n<li>Malte Belz, Humboldt-Universit\u00e4t, Germany<\/li>\n\n\n\n<li>Martin Corley, University of Edinburgh, Scotland<\/li>\n\n\n\n<li>Miguel Menezes, University of Lisbon and INESC-ID Lisbon, Portugal<\/li>\n\n\n\n<li>Paulina Peltone, University of Turku, Finland<\/li>\n\n\n\n<li>Petra Wagner, University of Bielefeld, Germany<\/li>\n\n\n\n<li>Pl\u00ednio Barbosa, University of Campinas (UNICAMP), Brazil<\/li>\n\n\n\n<li>Ralph Rose, Waseda University, Japan<\/li>\n\n\n\n<li>Robert Hartsuiker, Ghent University, Belgium<\/li>\n\n\n\n<li>Robin Lickley, Queen Margaret University, United Kingdom<\/li>\n\n\n\n<li>Rub\u00e9n Solera Ure\u00f1a, INESC-ID Lisboa, Portugal<\/li>\n\n\n\n<li>S\u00e9rgio Paulo, INESC-ID Lisboa, Portugal<\/li>\n\n\n\n<li>Simon Betz, University of Bielefeld, Germany<\/li>\n\n\n\n<li>\u0160tefan Be\u0148u\u0161, University in Nitra, Slovakia<\/li>\n\n\n\n<li>Vera Cabarr\u00e3o, Unbabel, Portugal<\/li>\n\n\n\n<li>Vered Silber Varod, Tel Aviv University, Israel<\/li>\n<\/ul>\n\n\n\n<p>Please visit our webpage for up-to-date information:&nbsp;<a href=\"https:\/\/diss2025.inesc-id.pt\/\">https:\/\/diss2025.inesc-id.pt<\/a><br>Any questions should be directed to:&nbsp;<a href=\"mailto:diss2025@googlegroups.com\">diss2025@googlegroups.com<\/a><\/p>\n\n\n\n<p>We look forward to welcoming you in Lisbon for an engaging and collaborative event!<\/p>\n\n\n\n<p>\u2014 The DiSS 2025 Organizing Committee<\/p>\n","protected":false},"excerpt":{"rendered":"<p>DiSS 2025 &#8211; 12th Workshop on Disfluency in Spontaneous Speech We are pleased to announce the 12th edition of DiSS workshop \u2013 Disfluency in Spontaneous &hellip;<\/p>\n","protected":false},"author":2,"featured_media":0,"parent":0,"menu_order":0,"comment_status":"closed","ping_status":"closed","template":"","meta":{"footnotes":""},"class_list":["post-62","page","type-page","status-publish","hentry"],"_links":{"self":[{"href":"https:\/\/diss2025.inesc-id.pt\/index.php?rest_route=\/wp\/v2\/pages\/62","targetHints":{"allow":["GET"]}}],"collection":[{"href":"https:\/\/diss2025.inesc-id.pt\/index.php?rest_route=\/wp\/v2\/pages"}],"about":[{"href":"https:\/\/diss2025.inesc-id.pt\/index.php?rest_route=\/wp\/v2\/types\/page"}],"author":[{"embeddable":true,"href":"https:\/\/diss2025.inesc-id.pt\/index.php?rest_route=\/wp\/v2\/users\/2"}],"replies":[{"embeddable":true,"href":"https:\/\/diss2025.inesc-id.pt\/index.php?rest_route=%2Fwp%2Fv2%2Fcomments&post=62"}],"version-history":[{"count":19,"href":"https:\/\/diss2025.inesc-id.pt\/index.php?rest_route=\/wp\/v2\/pages\/62\/revisions"}],"predecessor-version":[{"id":464,"href":"https:\/\/diss2025.inesc-id.pt\/index.php?rest_route=\/wp\/v2\/pages\/62\/revisions\/464"}],"wp:attachment":[{"href":"https:\/\/diss2025.inesc-id.pt\/index.php?rest_route=%2Fwp%2Fv2%2Fmedia&parent=62"}],"curies":[{"name":"wp","href":"https:\/\/api.w.org\/{rel}","templated":true}]}}