{"id":486,"date":"2025-06-04T12:27:10","date_gmt":"2025-06-04T12:27:10","guid":{"rendered":"https:\/\/diss2025.inesc-id.pt\/?page_id=486"},"modified":"2025-09-05T10:17:14","modified_gmt":"2025-09-05T10:17:14","slug":"schedule","status":"publish","type":"page","link":"https:\/\/diss2025.inesc-id.pt\/?page_id=486","title":{"rendered":"Program"},"content":{"rendered":"\n<p class=\"has-text-align-center\">Auditorium A302, 3rd Floor, Iscte &#8211; Building 4<\/p>\n\n\n\n<p class=\"has-text-align-center\"><a href=\"https:\/\/www.isca-archive.org\/diss_2025\/\">Proceedings<\/a><\/p>\n\n\n\n<!DOCTYPE html>\n<html lang=\"en\">\n<head>\n  <meta charset=\"UTF-8\" \/>\n  <title>Workshop Schedule<\/title>\n  <style>\n    body {\n      font-family: Arial, sans-serif;\n      margin: 20px;\n      line-height: 1.6;\n      color: #1a1a1a;\n    }\n    h1 {\n      text-align: center;\n      margin-bottom: 40px;\n      color: #1e3a8a;\n    }\n    h2 {\n      margin-top: 40px;\n      border-bottom: 2px solid #3b82f6;\n      padding-bottom: 5px;\n      color: #1e3a8a;\n    }\n    ul {\n      list-style-type: none;\n      padding-left: 0;\n    }\n    li {\n      margin: 5px 0;\n    }\n    details {\n      padding: 5px 0;\n      border-radius: 4px;\n      background-color: #fafafa;\n    }\n    summary {\n      font-weight: bold;\n      cursor: pointer;\n      outline: none;\n      color: #1e3a8a;\n      list-style: none;\n      display: flex;\n    }\nsummary::after {\n  content: \"\\25BC\";\n  transition: 0.2s;\n}\ndetails[open] > summary {border-bottom: 2px solid #fff9f1;}\n\ndetails[open] > summary::after {\n  transform: rotate(-180deg);\n}\n\nsummary::-webkit-details-marker {\n  display: none;\n}\n\n    summary:hover {\n      color: #2563eb;\n    }\n    .session-time {\n      font-weight: normal;\n      color: #555;\n      margin-right: 10px;\n    }\n    .session-chair {\n      font-weight: bold;\n      color: #555;\n      margin-right: 10px;\n    }\n\n    .paper-list {\n      margin-top: 10px;\n      padding-left: 20px;\n    }\n    .paper-item {\n      margin-bottom: 8px;\n    }\n    .paper-id {\n      font-weight: bold;\n      margin-right: 5px;\n      color: #1e3a8a;\n    }\n    .paper-title {\n      font-style: italic;\n      margin-right: 5px;\n    }\n    .paper-authors {\n      color: #333;\n    }\n    .note {\n      font-size: 0.9em;\n      color: #555;\n      margin-top: 5px;\n    }\n .centered-iframe-wrapper {\n      display: flex;\n      justify-content: center; \/* horizontally center *\/\n      align-items: center;     \/* vertically center if you want *\/\n      height: 100vh;           \/* optional: full screen height *\/\n    }\n\n    .centered-iframe {\n      width: 600px;\n      height: 450px;\n      border: none;\n    }\n  <\/style>\n<\/head>\n<body>\n  <!-- September 4th -->\n  <h2>September 4, 2025<\/h2>\n  <ul>\n    <li><span class=\"session-time\">08:30 \u2013 09:00<\/span>Registration<\/li>\n    <li><span class=\"session-time\">09:00 \u2013 09:30<\/span>Welcome Session<\/li>\n    <li><span class=\"session-time\">09:30 \u2013 10:30<\/span>Keynote 1: <span class=\"paper-title\"><a href=\"https:\/\/diss2025.inesc-id.pt\/?page_id=47\">The dual nature of lengthening<\/a><\/span> \u2013 Petra Wagner and Simon Betz<\/li>\n    <li><span class=\"session-time\">10:30 \u2013 11:00<\/span>Coffee Break<\/li>\n\n    <li>\n      <details>\n        <summary><span class=\"session-time\">11:00 \u2013 13:00<\/span>Oral Session 1 &#8211; Phonetics<\/summary>\n        <\/br>\n        <span class=\"session-chair\">Session Chair: Gueorgui Hristovsky<\/span>\n        <ul class=\"paper-list\">\n          <li class=\"paper-item\">\n            <span class=\"paper-id\">11:00<\/span>\n            <span class=\"paper-title\">The role of speech tempo in turn taking in children\u2019s conversations<\/span>\n            <span class=\"paper-authors\">Agnes Hamori*; Judit B\u00f3na<\/span>\n          <\/li>\n          <li class=\"paper-item\">\n            <span class=\"paper-id\">11:20<\/span>\n            <span class=\"paper-title\">The relationships between speech rate, disfluencies and reduction phenomena<\/span>\n            <span class=\"paper-authors\">Emanuela Gallo*; Loredana Schettino; Giuseppe Magistro<\/span>\n          <\/li>\n          <li class=\"paper-item\">\n            <span class=\"paper-id\">11:40<\/span>\n            <span class=\"paper-title\">Exploratory Study of Filled Pauses in Ukrainian Broadcast News Speech<\/span>\n            <span class=\"paper-authors\">Anna Havras*; Carlos Mendes; Helena Moniz; Gueorgui Hristovsky; Jo\u00e3o Miranda<\/span>\n          <\/li>\n          <li class=\"paper-item\">\n            <span class=\"paper-id\">12:00<\/span>\n            <span class=\"paper-title\">Segment Lengthening across Inter-pausal Units: Insights from Romanian Monologue Speech<\/span>\n            <span class=\"paper-authors\">Oana Niculescu*; Monica Vasileanu<\/span>\n          <\/li>\n          <li class=\"paper-item\">\n            <span class=\"paper-id\">12:20<\/span>\n            <span class=\"paper-title\">The Impact of Speaking Task on Disfluency Distribution in French: Reading Aloud, Picture Description, and Spontaneous Speech<\/span>\n            <span class=\"paper-authors\">Laudy Arida; Ivana Didirkov\u00e1*<\/span>\n          <\/li>\n          <li class=\"paper-item\">\n            <span class=\"paper-id\">12:40<\/span>\n            <span class=\"paper-title\">Prosodic Prototypes of Filler Particles across Three Languages<\/span>\n            <span class=\"paper-authors\">Marlene B\u00f6ttcher*; Constantijn Kaland<\/span>\n          <\/li>\n        <\/ul>\n      <\/details>\n    <\/li>\n\n    <li><span class=\"session-time\">13:00 \u2013 14:30<\/span>Lunch (included in the registration fee)<\/li>\n\n    <li>\n      <details>\n        <summary><span class=\"session-time\">14:30 \u2013 16:30<\/span>Oral Session 2 \u2013 L2 + Psycholinguistics<\/summary>\n        <\/br>\n        <span class=\"session-chair\">Session Chair: Mariana Juli\u00e3o<\/span>\n        <ul class=\"paper-list\">\n          <li class=\"paper-item\">\n            <span class=\"paper-id\">14:30<\/span>\n            <span class=\"paper-title\">Multimodal Self- and Other-Initiated Repairs in L2 Peer Interactions<\/span>\n            <span class=\"paper-authors\">Loulou Kosmala*<\/span>\n          <\/li>\n          <li class=\"paper-item\">\n            <span class=\"paper-id\">14:50<\/span>\n            <span class=\"paper-title\">Measuring L2 Speech Fluency Based on Syntactic Distribution of Pauses<\/span>\n            <span class=\"paper-authors\">Sylvain Coulange*; Nivja H. de Jong<\/span>\n          <\/li>\n          <li class=\"paper-item\">\n            <span class=\"paper-id\">15:10<\/span>\n            <span class=\"paper-title\">Disfluencies and Informational Structure in Spontaneous Speech: Classification and a Case Study of Filled Pauses<\/span>\n            <span class=\"paper-authors\">\u00c1tila Vital*; Bruno Rocha; Tommaso Raso<\/span>\n          <\/li>\n          <li class=\"paper-item\">\n            <span class=\"paper-id\">15:30<\/span>\n            <span class=\"paper-title\">Distinguishing Intentional from Unintentional Disfluencies in Psychotherapy<\/span>\n            <span class=\"paper-authors\">Maayan Babkoff*; Simon Betz; Eshkol Rafaeli; Gideon Anholt<\/span>\n          <\/li>\n          <li class=\"paper-item\">\n            <span class=\"paper-id\">15:50<\/span>\n            <span class=\"paper-title\">The Effect of Cognitive Demand on L1 and L2 Speech Fluency<\/span>\n            <span class=\"paper-authors\">Lucia Marekov\u00e1*; \u0160tefan Be\u0148u\u0161<\/span>\n          <\/li>\n          <li class=\"paper-item\">\n            <span class=\"paper-id\">16:10<\/span>\n            <span class=\"paper-title\">On Variability in the Identification and Labelling of Disfluencies \u2014 Preliminary Results from 23 Annotations of the Same Data<\/span>\n            <span class=\"paper-authors\">J\u00fcrgen Trouvain*; Ludivine Crible; Malte Belz; Simon Betz; \u0160tefan Be\u0148u\u0161; Lorraine Baqu\u00e9; Marina Cantarutti; Jessica Di Napoli; Ivana Didirkov\u00e1; Mar\u00eda J\u00e9sus Machuca; Lucia Marekov\u00e1; Oana Niculescu; Pauliina Peltonen; Aur\u00e9lie Pistono; Loredana Schettino; Vered Silber-Varod; Simon Williams<\/span>\n          <\/li>\n        <\/ul>\n      <\/details>\n    <\/li>\n\n    <li><span class=\"session-time\">16:30 \u2013 17:00<\/span>Coffee Break<\/li>\n    <li>\n      <span class=\"session-time\">17:00 \u2013 18:00<\/span>\n      Round Table on \u201cDiversity of Annotation of Speech Disfluencies\u201d. <em>Organized by Malte Belz, Simon Betz, Ludivine Crible &amp; J\u00fcrgen Trouvain<\/em>\n    <\/li>\n    <li><span class=\"session-time\">20:00<\/span><a href=\"https:\/\/diss2025.inesc-id.pt\/?page_id=536\">Social Event<\/a> (not included in the registration fee)<\/li>\n  <\/ul>\n\n  <!-- September 5th -->\n  <h2>September 5, 2025<\/h2>\n  <ul>\n    <li>\n      <details>\n        <summary><span class=\"session-time\">09:30 \u2013 10:30<\/span>Oral Session 3 \u2013 Health Applications<\/summary>\n        <\/br>\n        <span class=\"session-chair\">Session Chair: Anna Pompili<\/span>\n        <ul class=\"paper-list\">\n          <li class=\"paper-item\">\n            <span class=\"paper-id\">09:30<\/span>\n            <span class=\"paper-title\">Pauses, Reformulations and Inhibitory Control in Speakers with Non-specific Alzheimer\u2019s Disease<\/span>\n            <span class=\"paper-authors\">Simon Williams*<\/span>\n          <\/li>\n          <li class=\"paper-item\">\n            <span class=\"paper-id\">09:50<\/span>\n            <span class=\"paper-title\">Prolongations at the Intersection of Autism and Bilingualism: Evidence from Child Narratives<\/span>\n            <span class=\"paper-authors\">Marianna Beradze*; Natalia Meir<\/span>\n          <\/li>\n          <li class=\"paper-item\">\n            <span class=\"paper-id\">10:10<\/span>\n            <span class=\"paper-title\">The Effects of Spontaneous Speech on Disfluencies Assessment of Spanish Speakers with Down Syndrome<\/span>\n            <span class=\"paper-authors\">David Fern\u00e1ndez; Cesar Gonzalez*; Valentin Carde\u00f1oso; David Escudero; Mario Corrales<\/span>\n          <\/li>\n        <\/ul>\n      <\/details>\n    <\/li>\n\n    <li><span class=\"session-time\">10:30 \u2013 11:00<\/span>Coffee Break<\/li>\n\n    <li>\n      <details>\n        <summary><span class=\"session-time\">11:00 \u2013 13:00<\/span>Oral Session 4 \u2013 Speech and Language Technologies<\/summary>\n        <\/br>\n        <span class=\"session-chair\">Session Chair: Rub\u00e9n Solera-Ure\u00f1a<\/span>\n        <ul class=\"paper-list\">\n          <li class=\"paper-item\">\n            <span class=\"paper-id\">11:00<\/span>\n            <span class=\"paper-title\">Investigating Inclusivity of Whisper for Dysfluent Speech<\/span>\n            <span class=\"paper-authors\">Evelyn Starzew*; Suhita Ghosh; Valerie Krug<\/span>\n          <\/li>\n          <li class=\"paper-item\">\n            <span class=\"paper-id\">11:20<\/span>\n            <span class=\"paper-title\">Adapting Foundation Speech Recognition Models to Impaired Speech: A Semantic Re-chaining Approach for Personalization of German Speech<\/span>\n            <span class=\"paper-authors\">Niclas Pokel*; Roman B\u00f6hringer; Pehu\u00e9n Moure; Yingqiang Gao<\/span>\n          <\/li>\n          <li class=\"paper-item\">\n            <span class=\"paper-id\">11:40<\/span>\n            <span class=\"paper-title\">Multimodal Disfluency Detection via Acoustic-Text Fusion: Comparing Intended and Verbatim ASR Transcripts<\/span>\n            <span class=\"paper-authors\">Marcelo Lopes Ferreira*; Alef Iury; Lucas Gris; Rodrigo Tanaka; Israel Filho; Fred Oliveira; Arlindo Galv\u00e3o<\/span>\n          <\/li>\n          <li class=\"paper-item\">\n            <span class=\"paper-id\">12:00<\/span>\n            <span class=\"paper-title\">Euh&#8230; Where do Interpreters Hesitate? An Information-Theoretic Perspective on Sentence-Initial Filler Particles in Simultaneous Interpreting<\/span>\n            <span class=\"paper-authors\">Christina Pollkl\u00e4sener*; Maria Kunilovskaya<\/span>\n          <\/li>\n          <li class=\"paper-item\">\n            <span class=\"paper-id\">12:20<\/span>\n            <span class=\"paper-title\">Evaluating Data-Efficient LLMs on a Benchmark of Disfluency Minimal Pairs<\/span>\n            <span class=\"paper-authors\">Sheng-Fu Wang*; Laurent Pr\u00e9vot<\/span>\n          <\/li>\n          <li class=\"paper-item\">\n            <span class=\"paper-id\">12:40<\/span>\n            <span class=\"paper-title\">Smooth Operators: LLMs Translating Imperfect Hints into Disfluency-Rich Transcripts<\/span>\n            <span class=\"paper-authors\">Duygu ALTINOK*<\/span>\n          <\/li>\n        <\/ul>\n      <\/details>\n    <\/li>\n\n    <li><span class=\"session-time\">13:00 \u2013 14:30<\/span>Lunch (included in the registration fee)<\/li>\n    <li><span class=\"session-time\">14:30 \u2013 15:30<\/span>Keynote 2: <span class=\"paper-title\"><a href=\"https:\/\/diss2025.inesc-id.pt\/?page_id=47\">SSDM: Scalable Speech Disfluency Modeling<\/a><\/span> \u2013 Gopala Krishna Anumanchipalli<\/li>\n    <li><span class=\"session-time\">15:30 \u2013 16:30<\/span>Round Table on &#8220;Disfluencies in the Age of AI: A Multidisciplinary View&#8221;.  <em>Moderated by S\u00e9rgio Paulo, with the participation of Petra Wagner, Simon Betz and Gopala Krishna Anumanchipalli<\/em><\/li>\n    <li><span class=\"session-time\">16:30 \u2013 17:00<\/span>Closing Session<\/li>\n    <li><span class=\"session-time\">17:00<\/span>Port Wine<\/li>\n  <\/ul>\n<\/body>\n<\/html>\n\n\n\n<p><\/p>\n","protected":false},"excerpt":{"rendered":"<p>Auditorium A302, 3rd Floor, Iscte &#8211; Building 4 Proceedings Workshop Schedule September 4, 2025 08:30 \u2013 09:00Registration 09:00 \u2013 09:30Welcome Session 09:30 \u2013 10:30Keynote 1: &hellip;<\/p>\n","protected":false},"author":2,"featured_media":0,"parent":0,"menu_order":0,"comment_status":"closed","ping_status":"closed","template":"","meta":{"footnotes":""},"class_list":["post-486","page","type-page","status-publish","hentry"],"_links":{"self":[{"href":"https:\/\/diss2025.inesc-id.pt\/index.php?rest_route=\/wp\/v2\/pages\/486","targetHints":{"allow":["GET"]}}],"collection":[{"href":"https:\/\/diss2025.inesc-id.pt\/index.php?rest_route=\/wp\/v2\/pages"}],"about":[{"href":"https:\/\/diss2025.inesc-id.pt\/index.php?rest_route=\/wp\/v2\/types\/page"}],"author":[{"embeddable":true,"href":"https:\/\/diss2025.inesc-id.pt\/index.php?rest_route=\/wp\/v2\/users\/2"}],"replies":[{"embeddable":true,"href":"https:\/\/diss2025.inesc-id.pt\/index.php?rest_route=%2Fwp%2Fv2%2Fcomments&post=486"}],"version-history":[{"count":40,"href":"https:\/\/diss2025.inesc-id.pt\/index.php?rest_route=\/wp\/v2\/pages\/486\/revisions"}],"predecessor-version":[{"id":639,"href":"https:\/\/diss2025.inesc-id.pt\/index.php?rest_route=\/wp\/v2\/pages\/486\/revisions\/639"}],"wp:attachment":[{"href":"https:\/\/diss2025.inesc-id.pt\/index.php?rest_route=%2Fwp%2Fv2%2Fmedia&parent=486"}],"curies":[{"name":"wp","href":"https:\/\/api.w.org\/{rel}","templated":true}]}}